{"id":97052,"date":"2020-12-25T00:10:00","date_gmt":"2020-12-25T00:10:00","guid":{"rendered":"http:\/\/www.marsemitalia.com\/?post_type=product&#038;p=97052"},"modified":"2020-12-25T00:10:00","modified_gmt":"2020-12-25T00:10:00","slug":"p052s_t201_090","status":"publish","type":"product","link":"https:\/\/www.marsemitalia.com\/en\/prodotto\/p052s_t201_090\/","title":{"rendered":"Pantalone cinto elastico"},"content":{"rendered":"<p>Pantalone cinto elastico<\/p>\n","protected":false},"excerpt":{"rendered":"<p>Pantalone cinto elastico in cotone macram\u00e8, fondo ampio.<\/p>\n<p>Composizione: 100% CO<\/p>\n<p>Il modello nella foto \u00e8 alto 185 cm e indossa una<br \/>\nTg. 50<\/p>\n","protected":false},"featured_media":97048,"template":"","meta":{"_acf_changed":false,"_joinchat":[]},"product_cat":[358,143],"product_tag":[430,147,157,165,145],"class_list":{"0":"post-97052","1":"product","2":"type-product","3":"status-publish","4":"has-post-thumbnail","6":"product_cat-pantaloni-uomo","7":"product_cat-uomo","8":"product_tag-macram","9":"product_tag-marsem","10":"product_tag-nero","11":"product_tag-over","12":"product_tag-pantalone","14":"first","15":"outofstock","16":"sale","17":"taxable","18":"shipping-taxable","19":"purchasable","20":"product-type-variable"},"acf":[],"yoast_head":"<!-- This site is optimized with the Yoast SEO plugin v23.8 - https:\/\/yoast.com\/wordpress\/plugins\/seo\/ -->\r\n<title>Pantalone cinto elastico - Mars\u0113m Collection<\/title>\r\n<meta name=\"description\" content=\"Pantalone cinto elastico in cotone macram\u00e8, fondo ampio.  Composizione: 100% CO  Il modello nella foto \u00e8 alto 185 cm e indossa una Tg. 50\" \/>\r\n<meta name=\"robots\" content=\"index, follow, max-snippet:-1, max-image-preview:large, max-video-preview:-1\" \/>\r\n<link rel=\"canonical\" href=\"https:\/\/www.marsemitalia.com\/prodotto\/p052s_t201_090\/\" \/>\r\n<meta property=\"og:locale\" content=\"en_US\" \/>\r\n<meta property=\"og:type\" content=\"article\" \/>\r\n<meta property=\"og:title\" content=\"Pantalone cinto elastico - Mars\u0113m Collection\" \/>\r\n<meta property=\"og:description\" content=\"Pantalone cinto elastico in cotone macram\u00e8, fondo ampio.  Composizione: 100% CO  Il modello nella foto \u00e8 alto 185 cm e indossa una Tg. 50\" \/>\r\n<meta property=\"og:url\" content=\"https:\/\/www.marsemitalia.com\/prodotto\/p052s_t201_090\/\" \/>\r\n<meta property=\"og:site_name\" content=\"Mars\u0113m Collection\" \/>\r\n<meta property=\"og:image\" content=\"https:\/\/www.marsemitalia.com\/wp-content\/uploads\/2025\/09\/P052S_T201_090_--_000_590.jpg\" \/>\r\n\t<meta property=\"og:image:width\" content=\"1152\" \/>\r\n\t<meta property=\"og:image:height\" content=\"2052\" \/>\r\n\t<meta property=\"og:image:type\" content=\"image\/jpeg\" \/>\r\n<meta name=\"twitter:card\" content=\"summary_large_image\" \/>\r\n<script type=\"application\/ld+json\" class=\"yoast-schema-graph\">{\"@context\":\"https:\/\/schema.org\",\"@graph\":[{\"@type\":\"WebPage\",\"@id\":\"https:\/\/www.marsemitalia.com\/prodotto\/p052s_t201_090\/\",\"url\":\"https:\/\/www.marsemitalia.com\/prodotto\/p052s_t201_090\/\",\"name\":\"Pantalone cinto elastico - Mars\u0113m Collection\",\"isPartOf\":{\"@id\":\"https:\/\/www.marsemitalia.com\/#website\"},\"primaryImageOfPage\":{\"@id\":\"https:\/\/www.marsemitalia.com\/prodotto\/p052s_t201_090\/#primaryimage\"},\"image\":{\"@id\":\"https:\/\/www.marsemitalia.com\/prodotto\/p052s_t201_090\/#primaryimage\"},\"thumbnailUrl\":\"https:\/\/www.marsemitalia.com\/wp-content\/uploads\/2025\/09\/P052S_T201_090_--_000_590.jpg\",\"datePublished\":\"2020-12-25T00:10:00+00:00\",\"dateModified\":\"2020-12-25T00:10:00+00:00\",\"description\":\"Pantalone cinto elastico in cotone macram\u00e8, fondo ampio. Composizione: 100% CO Il modello nella foto \u00e8 alto 185 cm e indossa una Tg. 50\",\"breadcrumb\":{\"@id\":\"https:\/\/www.marsemitalia.com\/prodotto\/p052s_t201_090\/#breadcrumb\"},\"inLanguage\":\"en-US\",\"potentialAction\":[{\"@type\":\"ReadAction\",\"target\":[\"https:\/\/www.marsemitalia.com\/prodotto\/p052s_t201_090\/\"]}]},{\"@type\":\"ImageObject\",\"inLanguage\":\"en-US\",\"@id\":\"https:\/\/www.marsemitalia.com\/prodotto\/p052s_t201_090\/#primaryimage\",\"url\":\"https:\/\/www.marsemitalia.com\/wp-content\/uploads\/2025\/09\/P052S_T201_090_--_000_590.jpg\",\"contentUrl\":\"https:\/\/www.marsemitalia.com\/wp-content\/uploads\/2025\/09\/P052S_T201_090_--_000_590.jpg\",\"width\":1152,\"height\":2052,\"caption\":\"pantalone, over, macram\u00e8, nero, marsem\"},{\"@type\":\"BreadcrumbList\",\"@id\":\"https:\/\/www.marsemitalia.com\/prodotto\/p052s_t201_090\/#breadcrumb\",\"itemListElement\":[{\"@type\":\"ListItem\",\"position\":1,\"name\":\"Home\",\"item\":\"https:\/\/www.marsemitalia.com\/\"},{\"@type\":\"ListItem\",\"position\":2,\"name\":\"Shop\",\"item\":\"https:\/\/www.marsemitalia.com\/negozio\/\"},{\"@type\":\"ListItem\",\"position\":3,\"name\":\"Pantalone cinto elastico\"}]},{\"@type\":\"WebSite\",\"@id\":\"https:\/\/www.marsemitalia.com\/#website\",\"url\":\"https:\/\/www.marsemitalia.com\/\",\"name\":\"Mars\u0113m Collection\",\"description\":\"\",\"publisher\":{\"@id\":\"https:\/\/www.marsemitalia.com\/#organization\"},\"potentialAction\":[{\"@type\":\"SearchAction\",\"target\":{\"@type\":\"EntryPoint\",\"urlTemplate\":\"https:\/\/www.marsemitalia.com\/?s={search_term_string}\"},\"query-input\":{\"@type\":\"PropertyValueSpecification\",\"valueRequired\":true,\"valueName\":\"search_term_string\"}}],\"inLanguage\":\"en-US\"},{\"@type\":\"Organization\",\"@id\":\"https:\/\/www.marsemitalia.com\/#organization\",\"name\":\"Mars\u0113m Srl\",\"url\":\"https:\/\/www.marsemitalia.com\/\",\"logo\":{\"@type\":\"ImageObject\",\"inLanguage\":\"en-US\",\"@id\":\"https:\/\/www.marsemitalia.com\/#\/schema\/logo\/image\/\",\"url\":\"https:\/\/www.marsemitalia.com\/wp-content\/uploads\/2020\/07\/logo-footer.png\",\"contentUrl\":\"https:\/\/www.marsemitalia.com\/wp-content\/uploads\/2020\/07\/logo-footer.png\",\"width\":500,\"height\":500,\"caption\":\"Mars\u0113m Srl\"},\"image\":{\"@id\":\"https:\/\/www.marsemitalia.com\/#\/schema\/logo\/image\/\"}}]}<\/script>\r\n<!-- \/ Yoast SEO plugin. -->","yoast_head_json":{"title":"Pantalone cinto elastico - Mars\u0113m Collection","description":"Pantalone cinto elastico in cotone macram\u00e8, fondo ampio.  Composizione: 100% CO  Il modello nella foto \u00e8 alto 185 cm e indossa una Tg. 50","robots":{"index":"index","follow":"follow","max-snippet":"max-snippet:-1","max-image-preview":"max-image-preview:large","max-video-preview":"max-video-preview:-1"},"canonical":"https:\/\/www.marsemitalia.com\/prodotto\/p052s_t201_090\/","og_locale":"en_US","og_type":"article","og_title":"Pantalone cinto elastico - Mars\u0113m Collection","og_description":"Pantalone cinto elastico in cotone macram\u00e8, fondo ampio.  Composizione: 100% CO  Il modello nella foto \u00e8 alto 185 cm e indossa una Tg. 50","og_url":"https:\/\/www.marsemitalia.com\/prodotto\/p052s_t201_090\/","og_site_name":"Mars\u0113m Collection","og_image":[{"width":1152,"height":2052,"url":"https:\/\/www.marsemitalia.com\/wp-content\/uploads\/2025\/09\/P052S_T201_090_--_000_590.jpg","type":"image\/jpeg"}],"twitter_card":"summary_large_image","schema":{"@context":"https:\/\/schema.org","@graph":[{"@type":"WebPage","@id":"https:\/\/www.marsemitalia.com\/prodotto\/p052s_t201_090\/","url":"https:\/\/www.marsemitalia.com\/prodotto\/p052s_t201_090\/","name":"Pantalone cinto elastico - Mars\u0113m Collection","isPartOf":{"@id":"https:\/\/www.marsemitalia.com\/#website"},"primaryImageOfPage":{"@id":"https:\/\/www.marsemitalia.com\/prodotto\/p052s_t201_090\/#primaryimage"},"image":{"@id":"https:\/\/www.marsemitalia.com\/prodotto\/p052s_t201_090\/#primaryimage"},"thumbnailUrl":"https:\/\/www.marsemitalia.com\/wp-content\/uploads\/2025\/09\/P052S_T201_090_--_000_590.jpg","datePublished":"2020-12-25T00:10:00+00:00","dateModified":"2020-12-25T00:10:00+00:00","description":"Pantalone cinto elastico in cotone macram\u00e8, fondo ampio. Composizione: 100% CO Il modello nella foto \u00e8 alto 185 cm e indossa una Tg. 50","breadcrumb":{"@id":"https:\/\/www.marsemitalia.com\/prodotto\/p052s_t201_090\/#breadcrumb"},"inLanguage":"en-US","potentialAction":[{"@type":"ReadAction","target":["https:\/\/www.marsemitalia.com\/prodotto\/p052s_t201_090\/"]}]},{"@type":"ImageObject","inLanguage":"en-US","@id":"https:\/\/www.marsemitalia.com\/prodotto\/p052s_t201_090\/#primaryimage","url":"https:\/\/www.marsemitalia.com\/wp-content\/uploads\/2025\/09\/P052S_T201_090_--_000_590.jpg","contentUrl":"https:\/\/www.marsemitalia.com\/wp-content\/uploads\/2025\/09\/P052S_T201_090_--_000_590.jpg","width":1152,"height":2052,"caption":"pantalone, over, macram\u00e8, nero, marsem"},{"@type":"BreadcrumbList","@id":"https:\/\/www.marsemitalia.com\/prodotto\/p052s_t201_090\/#breadcrumb","itemListElement":[{"@type":"ListItem","position":1,"name":"Home","item":"https:\/\/www.marsemitalia.com\/"},{"@type":"ListItem","position":2,"name":"Shop","item":"https:\/\/www.marsemitalia.com\/negozio\/"},{"@type":"ListItem","position":3,"name":"Pantalone cinto elastico"}]},{"@type":"WebSite","@id":"https:\/\/www.marsemitalia.com\/#website","url":"https:\/\/www.marsemitalia.com\/","name":"Mars\u0113m Collection","description":"","publisher":{"@id":"https:\/\/www.marsemitalia.com\/#organization"},"potentialAction":[{"@type":"SearchAction","target":{"@type":"EntryPoint","urlTemplate":"https:\/\/www.marsemitalia.com\/?s={search_term_string}"},"query-input":{"@type":"PropertyValueSpecification","valueRequired":true,"valueName":"search_term_string"}}],"inLanguage":"en-US"},{"@type":"Organization","@id":"https:\/\/www.marsemitalia.com\/#organization","name":"Mars\u0113m Srl","url":"https:\/\/www.marsemitalia.com\/","logo":{"@type":"ImageObject","inLanguage":"en-US","@id":"https:\/\/www.marsemitalia.com\/#\/schema\/logo\/image\/","url":"https:\/\/www.marsemitalia.com\/wp-content\/uploads\/2020\/07\/logo-footer.png","contentUrl":"https:\/\/www.marsemitalia.com\/wp-content\/uploads\/2020\/07\/logo-footer.png","width":500,"height":500,"caption":"Mars\u0113m Srl"},"image":{"@id":"https:\/\/www.marsemitalia.com\/#\/schema\/logo\/image\/"}}]}},"_links":{"self":[{"href":"https:\/\/www.marsemitalia.com\/en\/wp-json\/wp\/v2\/product\/97052","targetHints":{"allow":["GET"]}}],"collection":[{"href":"https:\/\/www.marsemitalia.com\/en\/wp-json\/wp\/v2\/product"}],"about":[{"href":"https:\/\/www.marsemitalia.com\/en\/wp-json\/wp\/v2\/types\/product"}],"wp:featuredmedia":[{"embeddable":true,"href":"https:\/\/www.marsemitalia.com\/en\/wp-json\/wp\/v2\/media\/97048"}],"wp:attachment":[{"href":"https:\/\/www.marsemitalia.com\/en\/wp-json\/wp\/v2\/media?parent=97052"}],"wp:term":[{"taxonomy":"product_cat","embeddable":true,"href":"https:\/\/www.marsemitalia.com\/en\/wp-json\/wp\/v2\/product_cat?post=97052"},{"taxonomy":"product_tag","embeddable":true,"href":"https:\/\/www.marsemitalia.com\/en\/wp-json\/wp\/v2\/product_tag?post=97052"}],"curies":[{"name":"wp","href":"https:\/\/api.w.org\/{rel}","templated":true}]}}